{"id":1893,"date":"2022-05-12T14:57:28","date_gmt":"2022-05-12T12:57:28","guid":{"rendered":"https:\/\/a4.commsmundi.com\/?page_id=1893"},"modified":"2022-05-12T19:47:35","modified_gmt":"2022-05-12T17:47:35","slug":"aviso-legal","status":"publish","type":"page","link":"https:\/\/a4.commsmundi.com\/?page_id=1893","title":{"rendered":"Aviso legal"},"content":{"rendered":"\t\t<div data-elementor-type=\"wp-page\" data-elementor-id=\"1893\" class=\"elementor elementor-1893\">\n\t\t\t\t\t\t<section class=\"elementor-section elementor-top-section elementor-element elementor-element-7d8a277 animated-slow elementor-section-boxed elementor-section-height-default elementor-section-height-default elementor-invisible\" data-id=\"7d8a277\" data-element_type=\"section\" data-settings=\"{&quot;background_background&quot;:&quot;classic&quot;,&quot;animation&quot;:&quot;fadeInDown&quot;}\">\n\t\t\t\t\t\t<div class=\"elementor-container elementor-column-gap-default\">\n\t\t\t\t\t<div class=\"elementor-column elementor-col-100 elementor-top-column elementor-element elementor-element-cc8dff2\" data-id=\"cc8dff2\" data-element_type=\"column\">\n\t\t\t<div class=\"elementor-widget-wrap elementor-element-populated\">\n\t\t\t\t\t\t<div class=\"elementor-element elementor-element-977e444 elementor-widget elementor-widget-heading\" data-id=\"977e444\" data-element_type=\"widget\" data-widget_type=\"heading.default\">\n\t\t\t\t<div class=\"elementor-widget-container\">\n\t\t\t\t\t<h2 class=\"elementor-heading-title elementor-size-default\">AVISO LEGAL<\/h2>\t\t\t\t<\/div>\n\t\t\t\t<\/div>\n\t\t\t\t<div class=\"elementor-element elementor-element-0a3463b elementor-widget elementor-widget-text-editor\" data-id=\"0a3463b\" data-element_type=\"widget\" data-widget_type=\"text-editor.default\">\n\t\t\t\t<div class=\"elementor-widget-container\">\n\t\t\t\t\t\t\t\t\t<p>Titular: WIRELESS MUNDI S.L.<\/p><p>C.I.F: B83675207<\/p><p>Contacto: +34 918 039 251<\/p><p>Datos registrales: Inscrita en el Registro Mercantil de Madrid el 13 de enero de 2004 bajo el Tomo 19563, Folio 44, Secci\u00f3n 8, Hoja M 343712, I\/A 1 (13.01.04)<\/p><p>Wireless Mundi no puede asumir ninguna responsabilidad derivada del uso incorrecto, inapropiado o il\u00edcito de la informaci\u00f3n aparecida en las p\u00e1ginas de Internet de Wireless Mundi. Con los l\u00edmites establecidos en la ley, Wireless Mundi no asume ninguna responsabilidad derivada de la falta de veracidad, integridad, actualizaci\u00f3n y precisi\u00f3n de los datos o informaciones que se contienen en sus p\u00e1ginas de Internet.<\/p><p>Las p\u00e1ginas de Internet de Wireless Mundi pueden contener enlaces (links) a otras p\u00e1ginas de terceras partes que Wireless Mundi no puede controlar. Por lo tanto, Wireless Mundi no puede asumir responsabilidades por el contenido que pueda aparecer en p\u00e1ginas de terceros.<\/p><p>Todos los textos son propiedad de sus autores y est\u00e1n protegidos por la Ley de Propiedad Intelectual. Cualquier acto de transmisi\u00f3n, distribuci\u00f3n, cesi\u00f3n, reproducci\u00f3n, almacenamiento o comunicaci\u00f3n p\u00fablica total o parcial, debe contar con el consentimiento expreso de Wireless Mundi. Todas las marcas son propiedad de sus respectivos propietarios.<\/p><p>Asimismo, para acceder a algunos de los servicios que Wireless Mundi ofrece a trav\u00e9s del website, deber\u00e1 proporcionar algunos datos de car\u00e1cter personal. En cumplimiento de lo establecido en la Ley Org\u00e1nica 15\/1999, de 13 de diciembre, de Protecci\u00f3n de Datos de Car\u00e1cter Personal le informamos que sus datos personales ser\u00e1n incluidos en un fichero automatizado de datos de car\u00e1cter personal creado y mantenido bajo la responsabilidad de Wireless Mundi con la finalidad de realizar el mantenimiento y la gesti\u00f3n de la relaci\u00f3n contractual con el Cliente. El Cliente podr\u00e1 ejercitar sus derechos de acceso, rectificaci\u00f3n, modificaci\u00f3n, cancelaci\u00f3n y oposici\u00f3n dirigiendo escrito firmado y acompa\u00f1ado de fotocopia del DNI a la siguiente direcci\u00f3n: Avenida De La Albufera 323 &#8211; Planta 2, Oficina 13\u00a0 28031\u00a0 &#8211; Madrid<\/p>\t\t\t\t\t\t\t\t<\/div>\n\t\t\t\t<\/div>\n\t\t\t\t\t<\/div>\n\t\t<\/div>\n\t\t\t\t\t<\/div>\n\t\t<\/section>\n\t\t\t\t<\/div>\n\t\t","protected":false},"excerpt":{"rendered":"<p>AVISO LEGAL Titular: WIRELESS MUNDI S.L. C.I.F: B83675207 Contacto: +34 918 039 251 Datos registrales: Inscrita en el Registro Mercantil de Madrid el 13 de enero de 2004 bajo el Tomo 19563, Folio 44, Secci\u00f3n 8, Hoja M 343712, I\/A 1 (13.01.04) Wireless Mundi no puede asumir ninguna responsabilidad derivada del uso incorrecto, inapropiado o &hellip;<\/p>\n<p class=\"read-more\"> <a class=\"\" href=\"https:\/\/a4.commsmundi.com\/?page_id=1893\"> <span class=\"screen-reader-text\">Aviso legal<\/span> Leer m\u00e1s &raquo;<\/a><\/p>\n","protected":false},"author":1,"featured_media":0,"parent":0,"menu_order":0,"comment_status":"closed","ping_status":"closed","template":"","meta":{"site-sidebar-layout":"no-sidebar","site-content-layout":"page-builder","ast-global-header-display":"","ast-main-header-display":"","ast-hfb-above-header-display":"","ast-hfb-below-header-display":"","ast-hfb-mobile-header-display":"","site-post-title":"disabled","ast-breadcrumbs-content":"","ast-featured-img":"disabled","footer-sml-layout":"","theme-transparent-header-meta":"","adv-header-id-meta":"","stick-header-meta":"","header-above-stick-meta":"","header-main-stick-meta":"","header-below-stick-meta":"","footnotes":""},"class_list":["post-1893","page","type-page","status-publish","hentry"],"_links":{"self":[{"href":"https:\/\/a4.commsmundi.com\/index.php?rest_route=\/wp\/v2\/pages\/1893","targetHints":{"allow":["GET"]}}],"collection":[{"href":"https:\/\/a4.commsmundi.com\/index.php?rest_route=\/wp\/v2\/pages"}],"about":[{"href":"https:\/\/a4.commsmundi.com\/index.php?rest_route=\/wp\/v2\/types\/page"}],"author":[{"embeddable":true,"href":"https:\/\/a4.commsmundi.com\/index.php?rest_route=\/wp\/v2\/users\/1"}],"replies":[{"embeddable":true,"href":"https:\/\/a4.commsmundi.com\/index.php?rest_route=%2Fwp%2Fv2%2Fcomments&post=1893"}],"version-history":[{"count":10,"href":"https:\/\/a4.commsmundi.com\/index.php?rest_route=\/wp\/v2\/pages\/1893\/revisions"}],"predecessor-version":[{"id":1922,"href":"https:\/\/a4.commsmundi.com\/index.php?rest_route=\/wp\/v2\/pages\/1893\/revisions\/1922"}],"wp:attachment":[{"href":"https:\/\/a4.commsmundi.com\/index.php?rest_route=%2Fwp%2Fv2%2Fmedia&parent=1893"}],"curies":[{"name":"wp","href":"https:\/\/api.w.org\/{rel}","templated":true}]}}