{"id":1879,"date":"2022-05-12T14:16:09","date_gmt":"2022-05-12T12:16:09","guid":{"rendered":"https:\/\/a4.commsmundi.com\/?page_id=1879"},"modified":"2022-05-12T19:48:20","modified_gmt":"2022-05-12T17:48:20","slug":"politica-de-cookies","status":"publish","type":"page","link":"https:\/\/a4.commsmundi.com\/?page_id=1879","title":{"rendered":"Pol\u00edtica de cookies"},"content":{"rendered":"\t\t<div data-elementor-type=\"wp-page\" data-elementor-id=\"1879\" class=\"elementor elementor-1879\">\n\t\t\t\t\t\t<section class=\"elementor-section elementor-top-section elementor-element elementor-element-4a17bf1 animated-slow elementor-section-boxed elementor-section-height-default elementor-section-height-default elementor-invisible\" data-id=\"4a17bf1\" data-element_type=\"section\" data-settings=\"{&quot;background_background&quot;:&quot;classic&quot;,&quot;animation&quot;:&quot;fadeInDown&quot;}\">\n\t\t\t\t\t\t<div class=\"elementor-container elementor-column-gap-default\">\n\t\t\t\t\t<div class=\"elementor-column elementor-col-100 elementor-top-column elementor-element elementor-element-b4cca86\" data-id=\"b4cca86\" data-element_type=\"column\">\n\t\t\t<div class=\"elementor-widget-wrap elementor-element-populated\">\n\t\t\t\t\t\t<div class=\"elementor-element elementor-element-acc2aca elementor-widget elementor-widget-heading\" data-id=\"acc2aca\" data-element_type=\"widget\" data-widget_type=\"heading.default\">\n\t\t\t\t<div class=\"elementor-widget-container\">\n\t\t\t\t\t<h2 class=\"elementor-heading-title elementor-size-default\">POL\u00cdTICA DE COOKIES<\/h2>\t\t\t\t<\/div>\n\t\t\t\t<\/div>\n\t\t\t\t<div class=\"elementor-element elementor-element-9a43c90 elementor-widget elementor-widget-text-editor\" data-id=\"9a43c90\" data-element_type=\"widget\" data-widget_type=\"text-editor.default\">\n\t\t\t\t<div class=\"elementor-widget-container\">\n\t\t\t\t\t\t\t\t\t<p>COOKIES DEL SITIO WEB \u00abWWW.WIRELESSMUNDI.COM\u00bb<br \/>EL TITULAR DE SITIO WEB<br \/>WIRELESS MUNDI S.L.<br \/>CIF B83675207 <br \/>Domicilio: Avda De La Albufera 323 &#8211; Planta 2, Oficina 13 28031 &#8211; Madrid<br \/>\u2013 POL\u00cdTICA DE COOKIES \u2013<br \/>\u2013 Qu\u00e9 son las cookies y c\u00f3mo funcionan \u2013<br \/>Una cookie es un fichero que se descarga en su ordenador al acceder a determinadas p\u00e1ginas web. Las cookies permiten a una p\u00e1gina web, entre otras cosas, almacenar y recuperar informaci\u00f3n sobre los h\u00e1bitos de navegaci\u00f3n de un usuario o de su equipo y, dependiendo de la informaci\u00f3n que contengan y de la forma en que utilice su equipo, pueden utilizarse para reconocer al usuario.<br \/>\u2013 Deber de informaci\u00f3n \u2013<br \/>Se pone en conocimiento del usuario la utilizaci\u00f3n de dispositivos de almacenamiento y recuperaci\u00f3n de datos, propias y de terceros; en particular, Cookies t\u00e9cnicas y de an\u00e1lisis.<br \/>El fin del tratamiento de los datos con arreglo a los dispuesto en la Ley Org\u00e1nica 15\/1999, de 13 de diciembre, de protecci\u00f3n de datos de car\u00e1cter personal, es el especificado en el apartado \u00abFines\u00bb de cada tipo de cookies, para el uso que les es propio y que se indica debajo de la identificaci\u00f3n del tercero.<br \/>\u2013 Tipo de cookies que utiliza esta web \u2013<br \/>1. Cookies t\u00e9cnicas<br \/>Son cookies propias.<br \/>Fines: permiten identificar la sesi\u00f3n y el usuario registrado, elaboraci\u00f3n de estad\u00edsticas y funcionamiento de diversas opciones de la web. Son cookies t\u00e9cnicas imprescindibles para el correcto funcionamiento de nuestra web<br \/>2. Cookies de an\u00e1lisis<br \/>Son cookies de terceros.<br \/>Fines: permitir el seguimiento y an\u00e1lisis del comportamiento de los usuarios de este sitio web, la medici\u00f3n de la actividad del sitio web y la elaboraci\u00f3n de perfiles de navegaci\u00f3n de los usuarios del sitio con el fin de introducir mejoras en funci\u00f3n del an\u00e1lisis de los datos de uso que hacen los usuarios del servicio. Todo ello para mejorar nuestros servicios y mostrar al usuario publicidad relacionada con sus preferencias mediante el an\u00e1lisis de sus h\u00e1bitos de navegaci\u00f3n.<br \/>Identificaci\u00f3n de los terceros:<br \/>\u2022GOOGLE<br \/>Uso: Registrar informaci\u00f3n sobre p\u00e1ginas vistas, or\u00edgenes de tr\u00e1fico y tiempo de navegaci\u00f3n para realizar estad\u00edsticas y mediciones a trav\u00e9s de Google Analytics<br \/>https:\/\/analytics.google.com.<br \/>No se utilizan cookies de publicidad, ni de publicidad comportamental.<br \/>\u2013 Procedimiento de gesti\u00f3n de cookies \u2013<br \/>El usuario puede gestionar las cookies, de tal manera que si contin\u00faa navegando por esta web, se entender\u00e1 que est\u00e1 aceptando el uso de las cookies anteriormente especificadas. Por el contrario, si no contin\u00faa navegando por esta web, no se ver\u00e1 afectado por la utilizaci\u00f3n de estas cookies incorporadas.<br \/>El usuario podr\u00e1 negarse a aceptar las cookies. En el caso de las cookies t\u00e9cnicas, como consecuencia de tal negativa la funcionalidad de la p\u00e1gina web puede verse afectada y\/o quedar limitada.<br \/>En cualquier caso, el usuario siempre puede permitir, bloquear o eliminar las cookies instaladas en su equipo mediante la configuraci\u00f3n de las opciones del navegador instalado en su ordenador, por ejemplo,<br \/>\u2022Chrome, desde http:\/\/support.google.com\/chrome\/bin\/answer.py?hl=es&amp;answer=95647<br \/>\u2022Explorer, desde http:\/\/windows.microsoft.com\/es-es\/windows7\/how-to-manage-cookies-in-internet-explorer-9<br \/>\u2022Firefox, desde http:\/\/support.mozilla.org\/es\/kb\/habilitar-y-deshabilitar-cookies-que-los-sitios-we<br \/>\u2022Safari, desde http:\/\/support.apple.com\/kb\/ph5042<br \/>\u2022Otras herramientas de terceros, disponibles on line, que permiten a los usuarios detectar las cookies en cada sitio web que visita y gestionar su desactivaci\u00f3n (por ejemplo: Ghostery: http:\/\/www.ghostery.com\/privacy-statement, http:\/\/www.ghostery.com\/faq).<br \/>Opera: http:\/\/help.opera.com\/Windows\/11.50\/es-ES\/cookies.html<br \/>\u2013 Solicitud de consentimiento \u2013<br \/>1.a) Para usuarios de nuevo registro: si el usuario contin\u00faa accediendo a los contenidos de esta web, dicha acci\u00f3n ser\u00e1 interpretada en el sentido de que acepta la instalaci\u00f3n y utilizaci\u00f3n de las cookies.<\/p><p>1.b) Para los usuarios ya registrados, se les informa que se ha procedido a la incorporaci\u00f3n de las cookies indicadas en \u00abTipo de cookies que utiliza esta web\u00bb, si el usuario contin\u00faa accediendo a los contenidos de esta web, dicha acci\u00f3n ser\u00e1 interpretada en el sentido de que acepta la instalaci\u00f3n y utilizaci\u00f3n de las cookies<\/p><p>El usuario que presta su consentimiento, lo otorga de forma informada. Siempre podr\u00e1 revocarlo bloqueando o eliminado las cookies, mediante el mecanismo indicado en el \u00faltimo p\u00e1rrafo de \u00abProcedimiento de gesti\u00f3n de cookies\u00bb, quedando eliminadas.<br \/>WIRELESS MUNDI S.L., titular de esta web, no es responsable del contenido y veracidad de las pol\u00edticas de privacidad del link de GOOGLE incluido en esta pol\u00edtica de cookies.<br \/>El usuario puede contactar con WIRELESS MUNDI S.L. a trav\u00e9s del env\u00edo de correo electr\u00f3nico a la direcci\u00f3n \u00abinfo@wirelessmundi.com\u00bb indicando en el asunto del mismo \u00abCookies\u00bb.<br \/>A trav\u00e9s de la presente \u00abPol\u00edtica de cookies\u00bb queda constancia de que el usuario ha sido informado mediante el acceso individual al link \u00abPol\u00edtica de cookies\u00bb para leer la informaci\u00f3n preceptiva. Aquel usuario que una vez informado del contenido aqu\u00ed expuesto, contin\u00fae navegando por la web, con esa acci\u00f3n facilita su consentimiento informado para el uso de las cookies especificadas.<\/p>\t\t\t\t\t\t\t\t<\/div>\n\t\t\t\t<\/div>\n\t\t\t\t\t<\/div>\n\t\t<\/div>\n\t\t\t\t\t<\/div>\n\t\t<\/section>\n\t\t\t\t<\/div>\n\t\t","protected":false},"excerpt":{"rendered":"<p>POL\u00cdTICA DE COOKIES COOKIES DEL SITIO WEB \u00abWWW.WIRELESSMUNDI.COM\u00bbEL TITULAR DE SITIO WEBWIRELESS MUNDI S.L.CIF B83675207 Domicilio: Avda De La Albufera 323 &#8211; Planta 2, Oficina 13 28031 &#8211; Madrid\u2013 POL\u00cdTICA DE COOKIES \u2013\u2013 Qu\u00e9 son las cookies y c\u00f3mo funcionan \u2013Una cookie es un fichero que se descarga en su ordenador al acceder a determinadas &hellip;<\/p>\n<p class=\"read-more\"> <a class=\"\" href=\"https:\/\/a4.commsmundi.com\/?page_id=1879\"> <span class=\"screen-reader-text\">Pol\u00edtica de cookies<\/span> Leer m\u00e1s &raquo;<\/a><\/p>\n","protected":false},"author":1,"featured_media":0,"parent":0,"menu_order":0,"comment_status":"closed","ping_status":"closed","template":"","meta":{"site-sidebar-layout":"no-sidebar","site-content-layout":"page-builder","ast-global-header-display":"","ast-main-header-display":"","ast-hfb-above-header-display":"","ast-hfb-below-header-display":"","ast-hfb-mobile-header-display":"","site-post-title":"disabled","ast-breadcrumbs-content":"","ast-featured-img":"disabled","footer-sml-layout":"","theme-transparent-header-meta":"","adv-header-id-meta":"","stick-header-meta":"","header-above-stick-meta":"","header-main-stick-meta":"","header-below-stick-meta":"","footnotes":""},"class_list":["post-1879","page","type-page","status-publish","hentry"],"_links":{"self":[{"href":"https:\/\/a4.commsmundi.com\/index.php?rest_route=\/wp\/v2\/pages\/1879","targetHints":{"allow":["GET"]}}],"collection":[{"href":"https:\/\/a4.commsmundi.com\/index.php?rest_route=\/wp\/v2\/pages"}],"about":[{"href":"https:\/\/a4.commsmundi.com\/index.php?rest_route=\/wp\/v2\/types\/page"}],"author":[{"embeddable":true,"href":"https:\/\/a4.commsmundi.com\/index.php?rest_route=\/wp\/v2\/users\/1"}],"replies":[{"embeddable":true,"href":"https:\/\/a4.commsmundi.com\/index.php?rest_route=%2Fwp%2Fv2%2Fcomments&post=1879"}],"version-history":[{"count":13,"href":"https:\/\/a4.commsmundi.com\/index.php?rest_route=\/wp\/v2\/pages\/1879\/revisions"}],"predecessor-version":[{"id":1925,"href":"https:\/\/a4.commsmundi.com\/index.php?rest_route=\/wp\/v2\/pages\/1879\/revisions\/1925"}],"wp:attachment":[{"href":"https:\/\/a4.commsmundi.com\/index.php?rest_route=%2Fwp%2Fv2%2Fmedia&parent=1879"}],"curies":[{"name":"wp","href":"https:\/\/api.w.org\/{rel}","templated":true}]}}